{"id":18011,"date":"2024-02-06T01:50:31","date_gmt":"2024-02-06T01:50:31","guid":{"rendered":"https:\/\/capstonedufrane.com\/?page_id=18011"},"modified":"2024-05-23T16:47:57","modified_gmt":"2024-05-23T16:47:57","slug":"engineering-design-services","status":"publish","type":"page","link":"https:\/\/capstonedufrane.com\/es\/products-and-services\/engineering-design-services\/","title":{"rendered":"Dise\u00f1os en Ingenier\u00eda"},"content":{"rendered":"<section class=\"wpb-content-wrapper\"><div class=\"vc_row wpb_row vc_row-fluid wpb_animate_when_almost_visible wpb_fadeInUp fadeInUp vc_custom_1712762640567 vc_row-has-fill vc_column-gap-32 stretch_row_content vc-row-525524\" >\n\t<div class=\"container et-clearfix\">\n\t\t<div class=\"wpb_column vc_column_container vc_col-sm-6 text-align-none vc-column-674278\" >\n\t<div class=\"vc_column-inner vc_custom_1709162850515\" >\n\t\t<div class=\"wpb_wrapper\">\n\t\t\t<p class=\"et-heading text-align-left tablet-text-align-inherit mobile-text-align-inherit animate-false no-animation-type\" id=\"et-heading-209765\" data-delay=\"0\" data-mobile-font=\"20px\" data-mobile-line-height=\"inherit\" data-tablet-landscape-font=\"inherit\" data-tablet-portrait-font=\"inherit\" data-tablet-landscape-line-height=\"inherit\" data-tablet-portrait-line-height=\"inherit\" data-parallax=\"false\" data-move=\"false\" data-coordinatex=\"0\" data-coordinatey=\"0\" data-speed=\"10\"><span class=\"text-wrapper\"><span class=\"text\">La experiencia de nuestro equipo de ingenier\u00eda ofrece soluciones de dise\u00f1o innovadoras y eficientes, utilizando tecnolog\u00eda de vanguardia para cumplir con los m\u00e1s altos est\u00e1ndares de la industria.<\/span><\/span><\/p>\t\t<\/div>\n\t\t\t<\/div>\n<\/div><div class=\"wpb_column vc_column_container vc_col-sm-6 text-align-right vc_col-has-fill vc-column-425065\" >\n\t<div class=\"vc_column-inner vc_custom_1712761148163\" >\n\t\t<div class=\"wpb_wrapper\">\n\t\t\t<span class=\"et-gap et-clearfix et-gap-437514 hide767\"><\/span><span class=\"et-gap et-clearfix et-gap-952625\"><\/span>\t\t<\/div>\n\t\t\t<\/div>\n<\/div>\t<\/div>\n\t\t<\/div>\n<\/section>","protected":false},"excerpt":{"rendered":"La experiencia de nuestro equipo de ingenier\u00eda ofrece soluciones de dise\u00f1o innovadoras y eficientes, utilizando tecnolog\u00eda de vanguardia para cumplir con los m\u00e1s altos est\u00e1ndares de la industria.","protected":false},"author":1,"featured_media":0,"parent":8098,"menu_order":0,"comment_status":"closed","ping_status":"closed","template":"page-vc.php","meta":{"inline_featured_image":false,"_monsterinsights_skip_tracking":false,"_monsterinsights_sitenote_active":false,"_monsterinsights_sitenote_note":"","_monsterinsights_sitenote_category":0,"footnotes":""},"class_list":["post-18011","page","type-page","status-publish","hentry"],"aioseo_notices":[],"_links":{"self":[{"href":"https:\/\/capstonedufrane.com\/es\/wp-json\/wp\/v2\/pages\/18011","targetHints":{"allow":["GET"]}}],"collection":[{"href":"https:\/\/capstonedufrane.com\/es\/wp-json\/wp\/v2\/pages"}],"about":[{"href":"https:\/\/capstonedufrane.com\/es\/wp-json\/wp\/v2\/types\/page"}],"author":[{"embeddable":true,"href":"https:\/\/capstonedufrane.com\/es\/wp-json\/wp\/v2\/users\/1"}],"replies":[{"embeddable":true,"href":"https:\/\/capstonedufrane.com\/es\/wp-json\/wp\/v2\/comments?post=18011"}],"version-history":[{"count":0,"href":"https:\/\/capstonedufrane.com\/es\/wp-json\/wp\/v2\/pages\/18011\/revisions"}],"up":[{"embeddable":true,"href":"https:\/\/capstonedufrane.com\/es\/wp-json\/wp\/v2\/pages\/8098"}],"wp:attachment":[{"href":"https:\/\/capstonedufrane.com\/es\/wp-json\/wp\/v2\/media?parent=18011"}],"curies":[{"name":"wp","href":"https:\/\/api.w.org\/{rel}","templated":true}]}}