{"id":18029,"date":"2024-02-06T00:37:57","date_gmt":"2024-02-06T00:37:57","guid":{"rendered":"https:\/\/capstonedufrane.com\/?page_id=18029"},"modified":"2024-05-23T17:06:31","modified_gmt":"2024-05-23T17:06:31","slug":"custom-equipment","status":"publish","type":"page","link":"https:\/\/capstonedufrane.com\/es\/products-and-services\/custom-equipment\/","title":{"rendered":"Equipo Personalizado"},"content":{"rendered":"<section class=\"wpb-content-wrapper\"><div class=\"vc_row wpb_row vc_row-fluid wpb_animate_when_almost_visible wpb_fadeInUp fadeInUp vc_custom_1712762926843 vc_row-has-fill vc_column-gap-32 stretch_row_content vc-row-604773\" >\n\t<div class=\"container et-clearfix\">\n\t\t<div class=\"wpb_column vc_column_container vc_col-sm-6 text-align-none vc-column-797967\" >\n\t<div class=\"vc_column-inner vc_custom_1709162486381\" >\n\t\t<div class=\"wpb_wrapper\">\n\t\t\t<p class=\"et-heading text-align-left tablet-text-align-inherit mobile-text-align-inherit animate-false no-animation-type\" id=\"et-heading-361520\" data-delay=\"0\" data-mobile-font=\"20px\" data-mobile-line-height=\"inherit\" data-tablet-landscape-font=\"inherit\" data-tablet-portrait-font=\"inherit\" data-tablet-landscape-line-height=\"inherit\" data-tablet-portrait-line-height=\"inherit\" data-parallax=\"false\" data-move=\"false\" data-coordinatex=\"0\" data-coordinatey=\"0\" data-speed=\"10\"><span class=\"text-wrapper\"><span class=\"text\">Crear soluciones a especificaciones \u00fanicas es nuestra especialidad. En Dufrane Capstone, ofrecemos servicios de dise\u00f1o y fabricaci\u00f3n de equipos personalizados para satisfacer una amplia gama de necesidades industriales.<\/span><\/span><\/p><span class=\"et-gap et-clearfix et-gap-83941\"><\/span><span class=\"et-gap et-clearfix et-gap-83941\"><\/span><span class=\"et-gap et-clearfix et-gap-83941\"><\/span>\t\t<\/div>\n\t\t\t<\/div>\n<\/div><div class=\"wpb_column vc_column_container vc_col-sm-6 text-align-none vc_col-has-fill vc-column-514756\" >\n\t<div class=\"vc_column-inner vc_custom_1709162465665\" >\n\t\t<div class=\"wpb_wrapper\">\n\t\t\t<span class=\"et-gap et-clearfix et-gap-109916 hide767\"><\/span><span class=\"et-gap et-clearfix et-gap-104836\"><\/span>\t\t<\/div>\n\t\t\t<\/div>\n<\/div>\t<\/div>\n\t\t<\/div>\n<\/section>","protected":false},"excerpt":{"rendered":"Crear soluciones a especificaciones \u00fanicas es nuestra especialidad. En Dufrane Capstone, ofrecemos servicios de dise\u00f1o y fabricaci\u00f3n de equipos personalizados para satisfacer una amplia gama de necesidades industriales.","protected":false},"author":1,"featured_media":0,"parent":8098,"menu_order":0,"comment_status":"closed","ping_status":"closed","template":"page-vc.php","meta":{"inline_featured_image":false,"_monsterinsights_skip_tracking":false,"_monsterinsights_sitenote_active":false,"_monsterinsights_sitenote_note":"","_monsterinsights_sitenote_category":0,"footnotes":""},"class_list":["post-18029","page","type-page","status-publish","hentry"],"aioseo_notices":[],"_links":{"self":[{"href":"https:\/\/capstonedufrane.com\/es\/wp-json\/wp\/v2\/pages\/18029","targetHints":{"allow":["GET"]}}],"collection":[{"href":"https:\/\/capstonedufrane.com\/es\/wp-json\/wp\/v2\/pages"}],"about":[{"href":"https:\/\/capstonedufrane.com\/es\/wp-json\/wp\/v2\/types\/page"}],"author":[{"embeddable":true,"href":"https:\/\/capstonedufrane.com\/es\/wp-json\/wp\/v2\/users\/1"}],"replies":[{"embeddable":true,"href":"https:\/\/capstonedufrane.com\/es\/wp-json\/wp\/v2\/comments?post=18029"}],"version-history":[{"count":0,"href":"https:\/\/capstonedufrane.com\/es\/wp-json\/wp\/v2\/pages\/18029\/revisions"}],"up":[{"embeddable":true,"href":"https:\/\/capstonedufrane.com\/es\/wp-json\/wp\/v2\/pages\/8098"}],"wp:attachment":[{"href":"https:\/\/capstonedufrane.com\/es\/wp-json\/wp\/v2\/media?parent=18029"}],"curies":[{"name":"wp","href":"https:\/\/api.w.org\/{rel}","templated":true}]}}