{"id":18114,"date":"2024-02-08T05:32:14","date_gmt":"2024-02-08T05:32:14","guid":{"rendered":"https:\/\/capstonedufrane.com\/?page_id=18114"},"modified":"2024-04-09T16:49:02","modified_gmt":"2024-04-09T16:49:02","slug":"global-reach-exceptional-value","status":"publish","type":"page","link":"https:\/\/capstonedufrane.com\/es\/global-reach-exceptional-value\/","title":{"rendered":"Cobertura Global, Valores Excepcionales"},"content":{"rendered":"<section class=\"wpb-content-wrapper\"><div id=\"values\" class=\"vc_row wpb_row vc_row-fluid vc_custom_1707695399231 vc_row-has-fill stretch_row_content vc_row-o-equal-height vc_row-o-content-middle vc_row-flex vc-row-755566\" >\n\t<div class=\"container et-clearfix\">\n\t\t<div class=\"wpb_column vc_column_container vc_col-sm-12 vc_col-lg-6 vc_col-md-12 vc_col-xs-12 text-align-none vc_col-has-fill vc-column-309410\" >\n\t<div class=\"vc_column-inner vc_custom_1708136135807\" >\n\t\t<div class=\"wpb_wrapper\">\n\t\t\t<span class=\"et-gap et-clearfix et-gap-432750 hide768 hide1280\"><\/span><span class=\"et-gap et-clearfix et-gap-737539 hide767 hide1280\"><\/span>\t\t<\/div>\n\t\t\t<\/div>\n<\/div><div class=\"icon-box-move-left wpb_column vc_column_container vc_col-sm-12 vc_col-lg-6 vc_col-md-12 vc_col-xs-12 text-align-none vc_col-has-fill vc-column-75438\" >\n\t<div class=\"vc_column-inner vc_custom_1708468885031\" data-480-left=\"5\"  data-480-right=\"5\"  data-480-768-left=\"15\"  data-480-768-right=\"15\"  data-768-1024-left=\"5\"  data-768-1024-right=\"5\"  data-1280-1366-left=\"10\"  data-1280-1366-right=\"10\"  data-1366-1600-left=\"10\"  data-1366-1600-right=\"10\"  data-1600-1920-left=\"10\"  data-1600-1920-right=\"10\" >\n\t\t<div class=\"wpb_wrapper\">\n\t\t\t<h2 class=\"et-heading text-align-left tablet-text-align-inherit mobile-text-align-inherit animate-true words-direct\" id=\"et-heading-377643\" data-delay=\"0\" data-mobile-font=\"56px\" data-mobile-line-height=\"56px\" data-tablet-landscape-font=\"inherit\" data-tablet-portrait-font=\"inherit\" data-tablet-landscape-line-height=\"inherit\" data-tablet-portrait-line-height=\"inherit\" data-parallax=\"false\" data-move=\"false\" data-coordinatex=\"0\" data-coordinatey=\"0\" data-speed=\"10\"><span class=\"text-wrapper\"><span class=\"text\">Global Reach,<\/span><\/span><\/h2><h2 class=\"et-heading text-align-left tablet-text-align-inherit mobile-text-align-inherit animate-true words-direct\" id=\"et-heading-385399\" data-delay=\"0\" data-mobile-font=\"56px\" data-mobile-line-height=\"56px\" data-tablet-landscape-font=\"inherit\" data-tablet-portrait-font=\"inherit\" data-tablet-landscape-line-height=\"inherit\" data-tablet-portrait-line-height=\"inherit\" data-parallax=\"false\" data-move=\"false\" data-coordinatex=\"0\" data-coordinatey=\"0\" data-speed=\"10\"><span class=\"text-wrapper\"><span class=\"text\">Exceptional Value<\/span><\/span><\/h2>\n<div class=\"wpb_text_column wpb_content_element  vc_custom_1706736205877\"  data-animation-delay=\"0\">\n\t<div class=\"wpb_wrapper\">\n\t\t<p align=\"justify\"><span style=\"color: #000000;\">La presencia Dufrane Capstone se extiende de manera global, con un s\u00f3lido compromiso con la excelencia en calidad y valor. Nuestros clientes conf\u00edan en nuestras soluciones de ingenier\u00eda y en nuestra capacidad para ofrecer una manufactura de alta calidad.<\/span><\/p>\n\t<\/div>\n<\/div>\n\n<div id=\"et-icon-box-container-816055\" class=\"column-1 et-icon-box-container et-item-set effect-none animation-type-sequential top no-border\"><div id=\"et-icon-box-290200\" class=\"et-icon-box et-item icon-position-left icon-alignment-left hover-none\" data-parallax=\"false\" data-move=\"false\" data-coordinatex=\"0\" data-coordinatey=\"0\" data-speed=\"10\"><div class=\"et-icon-box-inner et-item-inner et-clearfix\"><div class=\"et-icon small\"><span class=\"el-icon fas fa-angle-right\"><\/span><\/div><div class=\"et-icon-content et-clearfix\"><h4 class=\"et-icon-box-title\">Valores<\/h4><p class=\"et-icon-box-content\">\n<p align=\"justify\"><span style=\"color: #000000;\"><strong>\u2022 Integridad:<\/strong> Manteniendo los m\u00e1s altos est\u00e1ndares \u00e9ticos en todas las acciones y relaciones.<\/span><\/p>\n<p><span style=\"color: #000000;\"><strong>\u2022 Innovaci\u00f3n:<\/strong> Fomentando una cultura de mejora continua y adoptando nuevas tecnolog\u00edas.<\/span><\/p>\n<p><span style=\"color: #000000;\"><strong>\u2022 Calidad:<\/strong> Compromiso de ofrecer productos y servicios de la m\u00e1s alta calidad.<\/span><\/p>\n<p><span style=\"color: #000000;\"><strong>\u2022 Enfoque al Cliente:<\/strong> Priorizando las necesidades del cliente y construyendo asociaciones duraderas.<\/span><\/p>\n<p><span style=\"color: #000000;\"><strong>\u2022 Seguridad:<\/strong> Garantizando la seguridad de nuestro equipo, clientes y comunidades a trav\u00e9s de est\u00e1ndares estrictos.<\/span><\/p><\/div><\/div><\/div><\/div><div class=\"vc_empty_space\"   style=\"height: 50px\"><span class=\"vc_empty_space_inner\"><\/span><\/div><div class=\"vc_empty_space\" id=\"mision\"  style=\"height: 25px\"><span class=\"vc_empty_space_inner\"><\/span><\/div>\t\t<\/div>\n\t\t\t<\/div>\n<\/div>\t<\/div>\n\t\t<\/div><div class=\"vc_row wpb_row vc_row-fluid vc_custom_1708469629491 vc_row-has-fill stretch_row_content vc_row-o-equal-height vc_row-o-content-middle vc_row-flex vc-row-57041\" >\n\t<div class=\"container et-clearfix\">\n\t\t<div class=\"icon-box-move-left wpb_column vc_column_container vc_col-sm-12 vc_col-lg-6 vc_col-md-12 vc_col-xs-12 text-align-none vc-column-938879\" >\n\t<div class=\"vc_column-inner vc_custom_1708469077418\" data-480-left=\"5\"  data-480-right=\"5\"  data-480-768-left=\"15\"  data-480-768-right=\"15\"  data-768-1024-left=\"5\"  data-768-1024-right=\"5\"  data-1280-1366-left=\"10\"  data-1280-1366-right=\"10\"  data-1366-1600-left=\"10\"  data-1366-1600-right=\"10\"  data-1600-1920-left=\"10\"  data-1600-1920-right=\"10\" >\n\t\t<div class=\"wpb_wrapper\">\n\t\t\t<div id=\"et-icon-box-container-33509\" class=\"column-1 et-icon-box-container et-item-set effect-none animation-type-sequential top no-border\"><div id=\"et-icon-box-218473\" class=\"et-icon-box et-item icon-position-left icon-alignment-left hover-none\" data-parallax=\"false\" data-move=\"false\" data-coordinatex=\"0\" data-coordinatey=\"0\" data-speed=\"10\"><div class=\"et-icon-box-inner et-item-inner et-clearfix\"><div class=\"et-icon small\"><span class=\"el-icon fas fa-angle-right\"><\/span><\/div><div class=\"et-icon-content et-clearfix\"><h4 class=\"et-icon-box-title\">Misi\u00f3n<\/h4><p class=\"et-icon-box-content\">\n<p align=\"justify\"><span style=\"color: #ffffff;\">Dise\u00f1ar y fabricar soluciones excepcionales que impulsen la industria a nivel global. Nos esforzamos por ser el socio de excelencia en sistemas de tuber\u00edas personalizadas, estructuras modulares, recipientes a presi\u00f3n, silenciadores ac\u00fasticos y deflectores, chimeneas revestidas y no revestidas, ductos y equipos personalizados. A trav\u00e9s de la innovaci\u00f3n, la calidad y un enfoque centrado en el cliente, buscamos mejorar la eficiencia, la seguridad y el \u00e9xito de nuestros clientes.<\/span><\/p>\n<p>&nbsp;<\/p><\/div><\/div><\/div><div id=\"et-icon-box-408747\" class=\"et-icon-box et-item icon-position-left icon-alignment-left hover-none\" data-parallax=\"false\" data-move=\"false\" data-coordinatex=\"0\" data-coordinatey=\"0\" data-speed=\"10\"><div class=\"et-icon-box-inner et-item-inner et-clearfix\"><div class=\"et-icon small\"><span class=\"el-icon fas fa-angle-right\"><\/span><\/div><div class=\"et-icon-content et-clearfix\"><h4 class=\"et-icon-box-title\">Visi\u00f3n<\/h4><p class=\"et-icon-box-content\">\n<p align=\"justify\"><span style=\"color: #ffffff;\">To be a global leader in engineering and manufacturing, recognized for our unwavering commitment to innovation,\u00a0quality on-time delivery, and ultimately\u00a0&#8212; customer satisfaction. <br \/> We envision a future where Capstone Equipment sets the standard for cutting-edge solutions, shaping industries, and contributing positively to a sustainable and secure world.<\/span><\/p>\n<p>&nbsp;<\/p><\/div><\/div><\/div><\/div>\t\t<\/div>\n\t\t\t<\/div>\n<\/div><div class=\"wpb_column vc_column_container vc_col-sm-12 vc_col-lg-6 vc_col-md-12 vc_col-xs-12 text-align-none vc_col-has-fill vc-column-593925\" >\n\t<div class=\"vc_column-inner vc_custom_1708469534968\" >\n\t\t<div class=\"wpb_wrapper\">\n\t\t\t<span class=\"et-gap et-clearfix et-gap-432750 hide768 hide1280\"><\/span><span class=\"et-gap et-clearfix et-gap-737539 hide767 hide1280\"><\/span>\t\t<\/div>\n\t\t\t<\/div>\n<\/div>\t<\/div>\n\t\t<\/div>\n<\/section>","protected":false},"excerpt":{"rendered":"Global Reach,Exceptional Value Dufrane Capstone\u2019s reach extends globally, with a commitment to quality and value. Clients trust us for reliable engineering solutions and high-caliber manufacturing capabilities. Values \u2022 Integrity: Upholding the highest ethical standards in all actions and relationships. \u2022 Innovation: Fostering a culture of continuous improvement and embracing new technologies. \u2022 Quality: Commitment to [...]","protected":false},"author":1,"featured_media":0,"parent":0,"menu_order":0,"comment_status":"closed","ping_status":"closed","template":"page-vc.php","meta":{"inline_featured_image":false,"_monsterinsights_skip_tracking":false,"_monsterinsights_sitenote_active":false,"_monsterinsights_sitenote_note":"","_monsterinsights_sitenote_category":0,"footnotes":""},"class_list":["post-18114","page","type-page","status-publish","hentry"],"aioseo_notices":[],"_links":{"self":[{"href":"https:\/\/capstonedufrane.com\/es\/wp-json\/wp\/v2\/pages\/18114","targetHints":{"allow":["GET"]}}],"collection":[{"href":"https:\/\/capstonedufrane.com\/es\/wp-json\/wp\/v2\/pages"}],"about":[{"href":"https:\/\/capstonedufrane.com\/es\/wp-json\/wp\/v2\/types\/page"}],"author":[{"embeddable":true,"href":"https:\/\/capstonedufrane.com\/es\/wp-json\/wp\/v2\/users\/1"}],"replies":[{"embeddable":true,"href":"https:\/\/capstonedufrane.com\/es\/wp-json\/wp\/v2\/comments?post=18114"}],"version-history":[{"count":0,"href":"https:\/\/capstonedufrane.com\/es\/wp-json\/wp\/v2\/pages\/18114\/revisions"}],"wp:attachment":[{"href":"https:\/\/capstonedufrane.com\/es\/wp-json\/wp\/v2\/media?parent=18114"}],"curies":[{"name":"wp","href":"https:\/\/api.w.org\/{rel}","templated":true}]}}