{"id":18424,"date":"2024-02-27T19:30:32","date_gmt":"2024-02-27T19:30:32","guid":{"rendered":"https:\/\/capstonedufrane.com\/?page_id=18424"},"modified":"2024-05-23T17:20:46","modified_gmt":"2024-05-23T17:20:46","slug":"support-structure-for-plant-equipment","status":"publish","type":"page","link":"https:\/\/capstonedufrane.com\/es\/products-and-services\/support-structure-for-plant-equipment\/","title":{"rendered":"Estructuras de Soporte para Equipos de Planta"},"content":{"rendered":"<section class=\"wpb-content-wrapper\"><div class=\"vc_row wpb_row vc_row-fluid wpb_animate_when_almost_visible wpb_fadeInUp fadeInUp vc_custom_1712764116260 vc_row-has-fill vc_column-gap-32 stretch_row_content vc-row-37029\" >\n\t<div class=\"container et-clearfix\">\n\t\t<div class=\"wpb_column vc_column_container vc_col-sm-6 text-align-none vc-column-686172\" >\n\t<div class=\"vc_column-inner vc_custom_1709163267142\" >\n\t\t<div class=\"wpb_wrapper\">\n\t\t\t<p class=\"et-heading text-align-left tablet-text-align-inherit mobile-text-align-inherit animate-false no-animation-type\" id=\"et-heading-48615\" data-delay=\"0\" data-mobile-font=\"20px\" data-mobile-line-height=\"inherit\" data-tablet-landscape-font=\"inherit\" data-tablet-portrait-font=\"inherit\" data-tablet-landscape-line-height=\"inherit\" data-tablet-portrait-line-height=\"inherit\" data-parallax=\"false\" data-move=\"false\" data-coordinatex=\"0\" data-coordinatey=\"0\" data-speed=\"10\"><span class=\"text-wrapper\"><span class=\"text\">Desarrollamos dise\u00f1os de estructuras de soporte personalizados para equipos de planta, garantizando un rendimiento \u00f3ptimo y la seguridad requerida. Consideramos aspectos clave como el comportamiento estructural, sistemas de armaz\u00f3n y an\u00e1lisis de carga, para proporcionar soluciones eficientes que cumplan con los est\u00e1ndares de la industria.<\/span><\/span><\/p><span class=\"et-gap et-clearfix et-gap-83941\"><\/span>\t\t<\/div>\n\t\t\t<\/div>\n<\/div><div class=\"wpb_column vc_column_container vc_col-sm-6 text-align-none vc_col-has-fill vc-column-741560\" >\n\t<div class=\"vc_column-inner vc_custom_1711582299499\" >\n\t\t<div class=\"wpb_wrapper\">\n\t\t\t<span class=\"et-gap et-clearfix et-gap-275862 hide767\"><\/span><span class=\"et-gap et-clearfix et-gap-104836\"><\/span>\t\t<\/div>\n\t\t\t<\/div>\n<\/div>\t<\/div>\n\t\t<\/div>\n<\/section>","protected":false},"excerpt":{"rendered":"Desarrollamos dise\u00f1os de estructuras de soporte personalizados para equipos de planta, garantizando un rendimiento \u00f3ptimo y la seguridad requerida. Consideramos aspectos clave como el comportamiento estructural, sistemas de armaz\u00f3n y an\u00e1lisis de carga, para proporcionar soluciones eficientes que cumplan con los est\u00e1ndares de la industria.","protected":false},"author":1,"featured_media":0,"parent":8098,"menu_order":0,"comment_status":"closed","ping_status":"closed","template":"page-vc.php","meta":{"inline_featured_image":false,"_monsterinsights_skip_tracking":false,"_monsterinsights_sitenote_active":false,"_monsterinsights_sitenote_note":"","_monsterinsights_sitenote_category":0,"footnotes":""},"class_list":["post-18424","page","type-page","status-publish","hentry"],"aioseo_notices":[],"_links":{"self":[{"href":"https:\/\/capstonedufrane.com\/es\/wp-json\/wp\/v2\/pages\/18424","targetHints":{"allow":["GET"]}}],"collection":[{"href":"https:\/\/capstonedufrane.com\/es\/wp-json\/wp\/v2\/pages"}],"about":[{"href":"https:\/\/capstonedufrane.com\/es\/wp-json\/wp\/v2\/types\/page"}],"author":[{"embeddable":true,"href":"https:\/\/capstonedufrane.com\/es\/wp-json\/wp\/v2\/users\/1"}],"replies":[{"embeddable":true,"href":"https:\/\/capstonedufrane.com\/es\/wp-json\/wp\/v2\/comments?post=18424"}],"version-history":[{"count":0,"href":"https:\/\/capstonedufrane.com\/es\/wp-json\/wp\/v2\/pages\/18424\/revisions"}],"up":[{"embeddable":true,"href":"https:\/\/capstonedufrane.com\/es\/wp-json\/wp\/v2\/pages\/8098"}],"wp:attachment":[{"href":"https:\/\/capstonedufrane.com\/es\/wp-json\/wp\/v2\/media?parent=18424"}],"curies":[{"name":"wp","href":"https:\/\/api.w.org\/{rel}","templated":true}]}}