{"id":3,"date":"2024-01-26T03:09:52","date_gmt":"2024-01-26T03:09:52","guid":{"rendered":"https:\/\/capstonedufrane.com\/?page_id=3"},"modified":"2024-04-15T21:49:52","modified_gmt":"2024-04-15T21:49:52","slug":"privacy-policy","status":"publish","type":"page","link":"https:\/\/capstonedufrane.com\/es\/privacy-policy\/","title":{"rendered":"Aviso de Privacidad"},"content":{"rendered":"<section class=\"wpb-content-wrapper\"><div class=\"vc_row wpb_row vc_row-fluid vc_column-gap-24\" >\n\t<div class=\"container et-clearfix\">\n\t\t<div class=\"wpb_column vc_column_container vc_col-sm-12 text-align-none\" >\n\t<div class=\"vc_column-inner\" >\n\t\t<div class=\"wpb_wrapper\">\n\t\t\t\n<div class=\"wpb_text_column wpb_content_element\"  data-animation-delay=\"0\">\n\t<div class=\"wpb_wrapper\">\n\t\t<h2 class=\"wp-block-heading\">AVISO DE PRIVACIDAD<\/h2>\n<h2>COMENTARIOS<\/h2>\n<p>Cuando los visitantes dejan comentarios en el sitio, recopilamos los datos mostrados en el formulario de comentarios, as\u00ed como la direcci\u00f3n IP y la cadena de agente de usuario del navegador para detectar spam.<\/p>\n<h2>MULTIMEDIA<\/h2>\n<p>Si cargas im\u00e1genes en el sitio web, evita cargar im\u00e1genes con datos de ubicaci\u00f3n incrustados (EXIF GPS). Los visitantes del sitio web pueden descargar y extraer cualquier dato de ubicaci\u00f3n de im\u00e1genes en el sitio web.<\/p>\n<h2>COOKIES<\/h2>\n<p>Si dejas un comentario en nuestro sitio, puedes optar por guardar tu nombre, direcci\u00f3n de correo electr\u00f3nico y sitio web en cookies.<\/p>\n<p>Estas son para tu comodidad para que no tengas que volver a completar tus detalles al dejar otro comentario. Estas cookies durar\u00e1n un a\u00f1o.<\/p>\n<p>Si dejas un comentario en nuestro sitio, puedes optar por guardar tu nombre, direcci\u00f3n de correo electr\u00f3nico y sitio web en cookies. Estas son para tu comodidad para que no tengas que volver a completar tus detalles al dejar otro comentario. Estas cookies durar\u00e1n un a\u00f1o. Si visitas nuestra p\u00e1gina de inicio de sesi\u00f3n, configuraremos una cookie temporal para determinar si tu navegador acepta cookies. Esta cookie no contiene datos personales y se elimina cuando cierras tu navegador. Al iniciar sesi\u00f3n, configuraremos varias cookies para guardar tu informaci\u00f3n de inicio de sesi\u00f3n y tus opciones de visualizaci\u00f3n de pantalla. Las cookies de inicio de sesi\u00f3n duran dos d\u00edas y las cookies de opciones de pantalla duran un a\u00f1o. Si seleccionas \u201cRecordarme\u201d, tu inicio de sesi\u00f3n persistir\u00e1 durante dos semanas. \nSi cierras la sesi\u00f3n de tu cuenta, se eliminar\u00e1n las cookies de inicio de sesi\u00f3n. Si editas o publicas un art\u00edculo, se guardar\u00e1 una cookie adicional en tu navegador. Esta cookie no incluye datos personales y simplemente indica el ID del art\u00edculo que acabas de editar. Caduca despu\u00e9s de 1 d\u00eda.<\/p>\n<h2>CONTENIDO INCORPORADO DE OTROS SITIOS WEB<\/h2>\n<p>Los art\u00edculos en este sitio pueden incluir contenido incrustado (por ejemplo, videos, im\u00e1genes, art\u00edculos, etc.). El contenido incrustado de otros sitios web se comporta de la misma manera que si el visitante hubiera visitado el otro sitio web. Estos sitios web pueden recopilar datos sobre ti, utilizar cookies, incrustar seguimiento adicional de terceros y supervisar tu interacci\u00f3n con ese contenido incrustado, incluido el seguimiento de tu interacci\u00f3n con el contenido incrustado si tienes una cuenta y est\u00e1s conectado a ese sitio web.<\/p>\n<h2>DURACI\u00d3N DEL ALMACENAMIENTO DE TUS DATOS<\/h2>\n<p>Si dejas un comentario, el comentario y sus metadatos se conservan indefinidamente para reconocer y aprobar autom\u00e1ticamente cualquier comentario de seguimiento en lugar de mantenerlos en una cola de moderaci\u00f3n.<\/p>\n<p>Para usuarios que se registren en nuestro sitio web (si los hay), tambi\u00e9n almacenamos la informaci\u00f3n personal que proporcionan en su perfil de usuario. Todos los usuarios pueden ver, editar o eliminar su informaci\u00f3n personal en cualquier momento (excepto que no pueden cambiar su nombre de usuario). Los administradores del sitio web tambi\u00e9n pueden ver y editar esa informaci\u00f3n.<\/p>\n<h2>TUS DERECHOS SOBRE TUS DATOS<\/h2>\n<p>Si tienes una cuenta en este sitio o has dejado alg\u00fan comentario, puedes solicitar recibir un archivo exportado de los datos personales que tenemos sobre ti, incluyendo cualquier dato que nos hayas proporcionado. Tambi\u00e9n puedes solicitar que borremos cualquier dato personal que tengamos sobre ti. Esto no incluye ning\u00fan dato que estemos obligados a conservar para fines administrativos, legales o de seguridad.<\/p>\n<h2>DESTINO DE TUS DATOS<\/h2>\n<p>Los comentarios de los visitantes pueden ser revisados mediante un servicio automatizado\nde detecci\u00f3n de spam.<\/p>\n<p>&nbsp;<\/p>\n\t<\/div>\n<\/div>\n\n\t\t<\/div>\n\t\t\t<\/div>\n<\/div>\t<\/div>\n\t\t<\/div><\/section>","protected":false},"excerpt":{"rendered":"PRIVACY NOTICE COMMENTS When visitors leave a comment on the site, we collect the data displayed in the comment form, along with IP address and the browser's User-Agent string information, for spam detection. MEDIA If you upload images to the website, you should avoid uploading images with embedded location data (EXIF GPS) embedded. Visitors on [...]","protected":false},"author":1,"featured_media":0,"parent":0,"menu_order":0,"comment_status":"closed","ping_status":"open","template":"","meta":{"inline_featured_image":false,"_monsterinsights_skip_tracking":false,"_monsterinsights_sitenote_active":false,"_monsterinsights_sitenote_note":"","_monsterinsights_sitenote_category":0,"footnotes":""},"class_list":["post-3","page","type-page","status-publish","hentry"],"aioseo_notices":[],"_links":{"self":[{"href":"https:\/\/capstonedufrane.com\/es\/wp-json\/wp\/v2\/pages\/3","targetHints":{"allow":["GET"]}}],"collection":[{"href":"https:\/\/capstonedufrane.com\/es\/wp-json\/wp\/v2\/pages"}],"about":[{"href":"https:\/\/capstonedufrane.com\/es\/wp-json\/wp\/v2\/types\/page"}],"author":[{"embeddable":true,"href":"https:\/\/capstonedufrane.com\/es\/wp-json\/wp\/v2\/users\/1"}],"replies":[{"embeddable":true,"href":"https:\/\/capstonedufrane.com\/es\/wp-json\/wp\/v2\/comments?post=3"}],"version-history":[{"count":0,"href":"https:\/\/capstonedufrane.com\/es\/wp-json\/wp\/v2\/pages\/3\/revisions"}],"wp:attachment":[{"href":"https:\/\/capstonedufrane.com\/es\/wp-json\/wp\/v2\/media?parent=3"}],"curies":[{"name":"wp","href":"https:\/\/api.w.org\/{rel}","templated":true}]}}