{"id":8110,"date":"2018-02-28T07:41:53","date_gmt":"2018-02-28T07:41:53","guid":{"rendered":"https:\/\/enovathemes.com\/samatex\/?page_id=8110"},"modified":"2024-05-23T16:46:44","modified_gmt":"2024-05-23T16:46:44","slug":"manufacturing-of-piping-systems","status":"publish","type":"page","link":"https:\/\/capstonedufrane.com\/es\/products-and-services\/manufacturing-of-piping-systems\/","title":{"rendered":"Fabricaci\u00f3n de Sistemas de Tuber\u00edas"},"content":{"rendered":"<section class=\"wpb-content-wrapper\"><div class=\"vc_row wpb_row vc_row-fluid wpb_animate_when_almost_visible wpb_fadeInUp fadeInUp vc_custom_1712762690815 vc_row-has-fill vc_column-gap-32 stretch_row_content vc-row-271760\" >\n\t<div class=\"container et-clearfix\">\n\t\t<div class=\"wpb_column vc_column_container vc_col-sm-6 text-align-none vc-column-904805\" >\n\t<div class=\"vc_column-inner vc_custom_1709163006779\" >\n\t\t<div class=\"wpb_wrapper\">\n\t\t\t<p class=\"et-heading text-align-left tablet-text-align-inherit mobile-text-align-inherit animate-false no-animation-type\" id=\"et-heading-64603\" data-delay=\"0\" data-mobile-font=\"20px\" data-mobile-line-height=\"inherit\" data-tablet-landscape-font=\"inherit\" data-tablet-portrait-font=\"inherit\" data-tablet-landscape-line-height=\"inherit\" data-tablet-portrait-line-height=\"inherit\" data-parallax=\"false\" data-move=\"false\" data-coordinatex=\"0\" data-coordinatey=\"0\" data-speed=\"10\"><span class=\"text-wrapper\"><span class=\"text\">Dufrane Capstone se distingue por su excelencia en la fabricaci\u00f3n de sistemas de tuber\u00edas confiables y duraderas, garantizando una perfecta integraci\u00f3n en diversas aplicaciones industriales.<\/span><\/span><\/p><span class=\"et-gap et-clearfix et-gap-83941\"><\/span>\t\t<\/div>\n\t\t\t<\/div>\n<\/div><div class=\"wpb_column vc_column_container vc_col-sm-6 text-align-none vc_col-has-fill vc-column-319240\" >\n\t<div class=\"vc_column-inner vc_custom_1711334859353\" >\n\t\t<div class=\"wpb_wrapper\">\n\t\t\t<span class=\"et-gap et-clearfix et-gap-877587 hide767\"><\/span><span class=\"et-gap et-clearfix et-gap-104836\"><\/span>\t\t<\/div>\n\t\t\t<\/div>\n<\/div>\t<\/div>\n\t\t<\/div>\n<\/section>","protected":false},"excerpt":{"rendered":"Dufrane Capstone se distingue por su excelencia en la fabricaci\u00f3n de sistemas de tuber\u00edas confiables y duraderas, garantizando una perfecta integraci\u00f3n en diversas aplicaciones industriales.","protected":false},"author":1,"featured_media":0,"parent":8098,"menu_order":0,"comment_status":"closed","ping_status":"closed","template":"page-vc.php","meta":{"inline_featured_image":false,"_monsterinsights_skip_tracking":false,"_monsterinsights_sitenote_active":false,"_monsterinsights_sitenote_note":"","_monsterinsights_sitenote_category":0,"footnotes":""},"class_list":["post-8110","page","type-page","status-publish","hentry"],"aioseo_notices":[],"_links":{"self":[{"href":"https:\/\/capstonedufrane.com\/es\/wp-json\/wp\/v2\/pages\/8110","targetHints":{"allow":["GET"]}}],"collection":[{"href":"https:\/\/capstonedufrane.com\/es\/wp-json\/wp\/v2\/pages"}],"about":[{"href":"https:\/\/capstonedufrane.com\/es\/wp-json\/wp\/v2\/types\/page"}],"author":[{"embeddable":true,"href":"https:\/\/capstonedufrane.com\/es\/wp-json\/wp\/v2\/users\/1"}],"replies":[{"embeddable":true,"href":"https:\/\/capstonedufrane.com\/es\/wp-json\/wp\/v2\/comments?post=8110"}],"version-history":[{"count":0,"href":"https:\/\/capstonedufrane.com\/es\/wp-json\/wp\/v2\/pages\/8110\/revisions"}],"up":[{"embeddable":true,"href":"https:\/\/capstonedufrane.com\/es\/wp-json\/wp\/v2\/pages\/8098"}],"wp:attachment":[{"href":"https:\/\/capstonedufrane.com\/es\/wp-json\/wp\/v2\/media?parent=8110"}],"curies":[{"name":"wp","href":"https:\/\/api.w.org\/{rel}","templated":true}]}}